{"id":3396,"date":"2024-02-20T13:34:26","date_gmt":"2024-02-20T13:34:26","guid":{"rendered":"https:\/\/balanciert.at\/?page_id=3396"},"modified":"2026-01-29T18:38:58","modified_gmt":"2026-01-29T18:38:58","slug":"touch-for-health","status":"publish","type":"page","link":"https:\/\/balanciert.at\/en\/touch-for-health\/","title":{"rendered":"Touch for Health"},"content":{"rendered":"<div data-elementor-type=\"wp-page\" data-elementor-id=\"3396\" class=\"elementor elementor-3396\">\n\t\t\t\t\t\t<section class=\"elementor-section elementor-top-section elementor-element elementor-element-5c225ea elementor-section-boxed elementor-section-height-default elementor-section-height-default\" data-id=\"5c225ea\" data-element_type=\"section\" data-e-type=\"section\">\n\t\t\t\t\t\t<div class=\"elementor-container elementor-column-gap-default\">\n\t\t\t\t\t<div class=\"elementor-column elementor-col-100 elementor-top-column elementor-element elementor-element-2a07ec6\" data-id=\"2a07ec6\" data-element_type=\"column\" data-e-type=\"column\">\n\t\t\t<div class=\"elementor-widget-wrap elementor-element-populated\">\n\t\t\t\t\t\t<div class=\"elementor-element elementor-element-d1fc7c0 elementor-widget elementor-widget-spacer\" data-id=\"d1fc7c0\" data-element_type=\"widget\" data-e-type=\"widget\" data-widget_type=\"spacer.default\">\n\t\t\t\t<div class=\"elementor-widget-container\">\n\t\t\t\t\t\t\t<div class=\"elementor-spacer\">\n\t\t\t<div class=\"elementor-spacer-inner\"><\/div>\n\t\t<\/div>\n\t\t\t\t\t\t<\/div>\n\t\t\t\t<\/div>\n\t\t\t\t<div class=\"elementor-element elementor-element-d244734 elementor-widget elementor-widget-heading\" data-id=\"d244734\" data-element_type=\"widget\" data-e-type=\"widget\" data-widget_type=\"heading.default\">\n\t\t\t\t<div class=\"elementor-widget-container\">\n\t\t\t\t\t<h2 class=\"elementor-heading-title elementor-size-default\">Touch for Health<\/h2>\t\t\t\t<\/div>\n\t\t\t\t<\/div>\n\t\t\t\t<div class=\"elementor-element elementor-element-416db4a elementor-hidden-mobile elementor-widget elementor-widget-spacer\" data-id=\"416db4a\" data-element_type=\"widget\" data-e-type=\"widget\" data-widget_type=\"spacer.default\">\n\t\t\t\t<div class=\"elementor-widget-container\">\n\t\t\t\t\t\t\t<div class=\"elementor-spacer\">\n\t\t\t<div class=\"elementor-spacer-inner\"><\/div>\n\t\t<\/div>\n\t\t\t\t\t\t<\/div>\n\t\t\t\t<\/div>\n\t\t\t\t<div class=\"elementor-element elementor-element-338bd07 elementor-widget elementor-widget-heading\" data-id=\"338bd07\" data-element_type=\"widget\" data-e-type=\"widget\" data-widget_type=\"heading.default\">\n\t\t\t\t<div class=\"elementor-widget-container\">\n\t\t\t\t\t<h2 class=\"elementor-heading-title elementor-size-default\">Energy, balance &amp; agility<\/h2>\t\t\t\t<\/div>\n\t\t\t\t<\/div>\n\t\t\t\t<div class=\"elementor-element elementor-element-d285e3e elementor-widget elementor-widget-spacer\" data-id=\"d285e3e\" data-element_type=\"widget\" data-e-type=\"widget\" data-widget_type=\"spacer.default\">\n\t\t\t\t<div class=\"elementor-widget-container\">\n\t\t\t\t\t\t\t<div class=\"elementor-spacer\">\n\t\t\t<div class=\"elementor-spacer-inner\"><\/div>\n\t\t<\/div>\n\t\t\t\t\t\t<\/div>\n\t\t\t\t<\/div>\n\t\t\t\t<div class=\"elementor-element elementor-element-f04610d elementor-widget elementor-widget-text-editor\" data-id=\"f04610d\" data-element_type=\"widget\" data-e-type=\"widget\" data-widget_type=\"text-editor.default\">\n\t\t\t\t<div class=\"elementor-widget-container\">\n\t\t\t\t\t\t\t\t\t<p data-start=\"3664\" data-end=\"3948\">Sometimes we feel tired, tense or restless. Touch for Health helps rebalance the flow of energy in the body. Gentle touch and simple exercises release tensions, strengthen muscles and harmonise body, mind and emotions.<\/p><p data-start=\"3950\" data-end=\"3979\">This technique assists<\/p><ul data-start=\"3980\" data-end=\"4144\"><li data-start=\"3980\" data-end=\"4013\"><p data-start=\"3982\" data-end=\"4013\">Reduce stress and relax;<\/p><\/li><li data-start=\"4014\" data-end=\"4072\"><p data-start=\"4016\" data-end=\"4072\">Promote concentration, stress resistance and agility;<\/p><\/li><li data-start=\"4073\" data-end=\"4103\"><p data-start=\"4075\" data-end=\"4103\">Strengthen emotional balance and resilience;<\/p><\/li><li data-start=\"4104\" data-end=\"4144\"><p data-start=\"4106\" data-end=\"4144\">improve general well-being.<\/p><\/li><\/ul><p data-start=\"4146\" data-end=\"4318\">Touch for Health is ideal for people of all ages and can be easily integrated into everyday life \u2013 allowing you to feel energy, experience balance and enjoy a sense of lightness.<\/p>\t\t\t\t\t\t\t\t<\/div>\n\t\t\t\t<\/div>\n\t\t\t\t<div class=\"elementor-element elementor-element-5d996bb elementor-widget elementor-widget-spacer\" data-id=\"5d996bb\" data-element_type=\"widget\" data-e-type=\"widget\" data-widget_type=\"spacer.default\">\n\t\t\t\t<div class=\"elementor-widget-container\">\n\t\t\t\t\t\t\t<div class=\"elementor-spacer\">\n\t\t\t<div class=\"elementor-spacer-inner\"><\/div>\n\t\t<\/div>\n\t\t\t\t\t\t<\/div>\n\t\t\t\t<\/div>\n\t\t\t\t<div class=\"elementor-element elementor-element-27a65a3 elementor-widget elementor-widget-text-editor\" data-id=\"27a65a3\" data-element_type=\"widget\" data-e-type=\"widget\" data-widget_type=\"text-editor.default\">\n\t\t\t\t<div class=\"elementor-widget-container\">\n\t\t\t\t\t\t\t\t\t<p><span style=\"font-family: Arial, sans-serif; font-size: 10px; font-style: normal; font-variant-ligatures: normal; font-variant-caps: normal; font-weight: 400;\">Vgl. Thie, John F. und Matthew: Touch for Health. Das umfassende Standardwerk f\u00fcr die Praxis.- Kirchzarten bei Freiburg<\/span><span style=\"font-variant-ligatures: normal; font-variant-caps: normal; line-height: 0; font-family: Arial, sans-serif; font-size: 7.5px; font-style: normal; font-weight: 400; position: relative; top: -0.5em;\">\u00a06<\/span><span style=\"font-family: Arial, sans-serif; font-size: 10px; font-style: normal; font-variant-ligatures: normal; font-variant-caps: normal; font-weight: 400;\">2019.<\/span><\/p>\t\t\t\t\t\t\t\t<\/div>\n\t\t\t\t<\/div>\n\t\t\t\t<div class=\"elementor-element elementor-element-7de28ba elementor-widget elementor-widget-spacer\" data-id=\"7de28ba\" data-element_type=\"widget\" data-e-type=\"widget\" data-widget_type=\"spacer.default\">\n\t\t\t\t<div class=\"elementor-widget-container\">\n\t\t\t\t\t\t\t<div class=\"elementor-spacer\">\n\t\t\t<div class=\"elementor-spacer-inner\"><\/div>\n\t\t<\/div>\n\t\t\t\t\t\t<\/div>\n\t\t\t\t<\/div>\n\t\t\t\t\t<\/div>\n\t\t<\/div>\n\t\t\t\t\t<\/div>\n\t\t<\/section>\n\t\t\t\t<\/div>","protected":false},"excerpt":{"rendered":"<p>Touch for Health Energie, Balance &amp; Leichtigkeit Manchmal f\u00fchlen wir uns m\u00fcde, angespannt oder unruhig. Touch for Health hilft, den Energiefluss im K\u00f6rper wieder ins Gleichgewicht zu bringen. Mit sanften Ber\u00fchrungen und einfachen \u00dcbungen werden Blockaden gel\u00f6st, Muskeln gest\u00e4rkt und K\u00f6rper, Geist und Gef\u00fchle in Einklang gebracht. Diese Technik hilft Stress abbauen und entspannen; Konzentration, [&hellip;]<\/p>\n","protected":false},"author":1,"featured_media":0,"parent":0,"menu_order":0,"comment_status":"closed","ping_status":"closed","template":"","meta":{"ocean_post_layout":"full-screen","ocean_both_sidebars_style":"","ocean_both_sidebars_content_width":0,"ocean_both_sidebars_sidebars_width":0,"ocean_sidebar":"","ocean_second_sidebar":"","ocean_disable_margins":"enable","ocean_add_body_class":"","ocean_shortcode_before_top_bar":"","ocean_shortcode_after_top_bar":"","ocean_shortcode_before_header":"","ocean_shortcode_after_header":"","ocean_has_shortcode":"","ocean_shortcode_after_title":"","ocean_shortcode_before_footer_widgets":"","ocean_shortcode_after_footer_widgets":"","ocean_shortcode_before_footer_bottom":"","ocean_shortcode_after_footer_bottom":"","ocean_display_top_bar":"off","ocean_display_header":"default","ocean_header_style":"","ocean_center_header_left_menu":"","ocean_custom_header_template":"","ocean_custom_logo":0,"ocean_custom_retina_logo":0,"ocean_custom_logo_max_width":0,"ocean_custom_logo_tablet_max_width":0,"ocean_custom_logo_mobile_max_width":0,"ocean_custom_logo_max_height":0,"ocean_custom_logo_tablet_max_height":0,"ocean_custom_logo_mobile_max_height":0,"ocean_header_custom_menu":"","ocean_menu_typo_font_family":"","ocean_menu_typo_font_subset":"","ocean_menu_typo_font_size":0,"ocean_menu_typo_font_size_tablet":0,"ocean_menu_typo_font_size_mobile":0,"ocean_menu_typo_font_size_unit":"px","ocean_menu_typo_font_weight":"","ocean_menu_typo_font_weight_tablet":"","ocean_menu_typo_font_weight_mobile":"","ocean_menu_typo_transform":"","ocean_menu_typo_transform_tablet":"","ocean_menu_typo_transform_mobile":"","ocean_menu_typo_line_height":0,"ocean_menu_typo_line_height_tablet":0,"ocean_menu_typo_line_height_mobile":0,"ocean_menu_typo_line_height_unit":"","ocean_menu_typo_spacing":0,"ocean_menu_typo_spacing_tablet":0,"ocean_menu_typo_spacing_mobile":0,"ocean_menu_typo_spacing_unit":"","ocean_menu_link_color":"","ocean_menu_link_color_hover":"","ocean_menu_link_color_active":"","ocean_menu_link_background":"","ocean_menu_link_hover_background":"","ocean_menu_link_active_background":"","ocean_menu_social_links_bg":"","ocean_menu_social_hover_links_bg":"","ocean_menu_social_links_color":"","ocean_menu_social_hover_links_color":"","ocean_disable_title":"on","ocean_disable_heading":"default","ocean_post_title":"","ocean_post_subheading":"","ocean_post_title_style":"","ocean_post_title_background_color":"","ocean_post_title_background":0,"ocean_post_title_bg_image_position":"","ocean_post_title_bg_image_attachment":"","ocean_post_title_bg_image_repeat":"","ocean_post_title_bg_image_size":"","ocean_post_title_height":0,"ocean_post_title_bg_overlay":0.5,"ocean_post_title_bg_overlay_color":"","ocean_disable_breadcrumbs":"default","ocean_breadcrumbs_color":"","ocean_breadcrumbs_separator_color":"","ocean_breadcrumbs_links_color":"","ocean_breadcrumbs_links_hover_color":"","ocean_display_footer_widgets":"default","ocean_display_footer_bottom":"default","ocean_custom_footer_template":"","footnotes":""},"class_list":["post-3396","page","type-page","status-publish","hentry","entry"],"yoast_head":"<!-- This site is optimized with the Yoast SEO plugin v27.3 - https:\/\/yoast.com\/product\/yoast-seo-wordpress\/ -->\n<title>Touch for Health - Kinesiologie in 1180<\/title>\n<meta name=\"description\" content=\"Mein Angebot zur L\u00f6sung von Lernblockaden, Haltungsproblemen und anderen stressbedingten Symptomen - Lerncoaching und effiziente Nachhilfe in Sprachen.\" \/>\n<meta name=\"robots\" content=\"index, follow, max-snippet:-1, max-image-preview:large, max-video-preview:-1\" \/>\n<link rel=\"canonical\" href=\"https:\/\/balanciert.at\/en\/touch-for-health\/\" \/>\n<meta property=\"og:locale\" content=\"en_GB\" \/>\n<meta property=\"og:type\" content=\"article\" \/>\n<meta property=\"og:title\" content=\"Touch for Health - Kinesiologie in 1180\" \/>\n<meta property=\"og:description\" content=\"Mein Angebot zur L\u00f6sung von Lernblockaden, Haltungsproblemen und anderen stressbedingten Symptomen - Lerncoaching und effiziente Nachhilfe in Sprachen.\" \/>\n<meta property=\"og:url\" content=\"https:\/\/balanciert.at\/en\/touch-for-health\/\" \/>\n<meta property=\"og:site_name\" content=\"Kinesiologie in 1180\" \/>\n<meta property=\"article:modified_time\" content=\"2026-01-29T18:38:58+00:00\" \/>\n<meta name=\"twitter:card\" content=\"summary_large_image\" \/>\n<meta name=\"twitter:label1\" content=\"Estimated reading time\" \/>\n\t<meta name=\"twitter:data1\" content=\"1 minute\" \/>\n<script type=\"application\/ld+json\" class=\"yoast-schema-graph\">{\"@context\":\"https:\\\/\\\/schema.org\",\"@graph\":[{\"@type\":\"WebPage\",\"@id\":\"https:\\\/\\\/balanciert.at\\\/touch-for-health\\\/\",\"url\":\"https:\\\/\\\/balanciert.at\\\/touch-for-health\\\/\",\"name\":\"Touch for Health - Kinesiologie in 1180\",\"isPartOf\":{\"@id\":\"https:\\\/\\\/balanciert.at\\\/#website\"},\"datePublished\":\"2024-02-20T13:34:26+00:00\",\"dateModified\":\"2026-01-29T18:38:58+00:00\",\"description\":\"Mein Angebot zur L\u00f6sung von Lernblockaden, Haltungsproblemen und anderen stressbedingten Symptomen - Lerncoaching und effiziente Nachhilfe in Sprachen.\",\"breadcrumb\":{\"@id\":\"https:\\\/\\\/balanciert.at\\\/touch-for-health\\\/#breadcrumb\"},\"inLanguage\":\"en-GB\",\"potentialAction\":[{\"@type\":\"ReadAction\",\"target\":[\"https:\\\/\\\/balanciert.at\\\/touch-for-health\\\/\"]}]},{\"@type\":\"BreadcrumbList\",\"@id\":\"https:\\\/\\\/balanciert.at\\\/touch-for-health\\\/#breadcrumb\",\"itemListElement\":[{\"@type\":\"ListItem\",\"position\":1,\"name\":\"Startseite\",\"item\":\"https:\\\/\\\/balanciert.at\\\/\"},{\"@type\":\"ListItem\",\"position\":2,\"name\":\"Touch for Health\"}]},{\"@type\":\"WebSite\",\"@id\":\"https:\\\/\\\/balanciert.at\\\/#website\",\"url\":\"https:\\\/\\\/balanciert.at\\\/\",\"name\":\"Kinesiologie in 1180\",\"description\":\"\",\"publisher\":{\"@id\":\"https:\\\/\\\/balanciert.at\\\/#organization\"},\"potentialAction\":[{\"@type\":\"SearchAction\",\"target\":{\"@type\":\"EntryPoint\",\"urlTemplate\":\"https:\\\/\\\/balanciert.at\\\/?s={search_term_string}\"},\"query-input\":{\"@type\":\"PropertyValueSpecification\",\"valueRequired\":true,\"valueName\":\"search_term_string\"}}],\"inLanguage\":\"en-GB\"},{\"@type\":\"Organization\",\"@id\":\"https:\\\/\\\/balanciert.at\\\/#organization\",\"name\":\"Mag. Andrea Schwarz\",\"url\":\"https:\\\/\\\/balanciert.at\\\/\",\"logo\":{\"@type\":\"ImageObject\",\"inLanguage\":\"en-GB\",\"@id\":\"https:\\\/\\\/balanciert.at\\\/#\\\/schema\\\/logo\\\/image\\\/\",\"url\":\"https:\\\/\\\/balanciert.at\\\/wp-content\\\/uploads\\\/2020\\\/12\\\/cropped-V_K0280-REV3-01.png\",\"contentUrl\":\"https:\\\/\\\/balanciert.at\\\/wp-content\\\/uploads\\\/2020\\\/12\\\/cropped-V_K0280-REV3-01.png\",\"width\":10417,\"height\":2850,\"caption\":\"Mag. Andrea Schwarz\"},\"image\":{\"@id\":\"https:\\\/\\\/balanciert.at\\\/#\\\/schema\\\/logo\\\/image\\\/\"}}]}<\/script>\n<!-- \/ Yoast SEO plugin. -->","yoast_head_json":{"title":"Touch for Health - Kinesiologie in 1180","description":"Mein Angebot zur L\u00f6sung von Lernblockaden, Haltungsproblemen und anderen stressbedingten Symptomen - Lerncoaching und effiziente Nachhilfe in Sprachen.","robots":{"index":"index","follow":"follow","max-snippet":"max-snippet:-1","max-image-preview":"max-image-preview:large","max-video-preview":"max-video-preview:-1"},"canonical":"https:\/\/balanciert.at\/en\/touch-for-health\/","og_locale":"en_GB","og_type":"article","og_title":"Touch for Health - Kinesiologie in 1180","og_description":"Mein Angebot zur L\u00f6sung von Lernblockaden, Haltungsproblemen und anderen stressbedingten Symptomen - Lerncoaching und effiziente Nachhilfe in Sprachen.","og_url":"https:\/\/balanciert.at\/en\/touch-for-health\/","og_site_name":"Kinesiologie in 1180","article_modified_time":"2026-01-29T18:38:58+00:00","twitter_card":"summary_large_image","twitter_misc":{"Estimated reading time":"1 minute"},"schema":{"@context":"https:\/\/schema.org","@graph":[{"@type":"WebPage","@id":"https:\/\/balanciert.at\/touch-for-health\/","url":"https:\/\/balanciert.at\/touch-for-health\/","name":"Touch for Health - Kinesiologie in 1180","isPartOf":{"@id":"https:\/\/balanciert.at\/#website"},"datePublished":"2024-02-20T13:34:26+00:00","dateModified":"2026-01-29T18:38:58+00:00","description":"Mein Angebot zur L\u00f6sung von Lernblockaden, Haltungsproblemen und anderen stressbedingten Symptomen - Lerncoaching und effiziente Nachhilfe in Sprachen.","breadcrumb":{"@id":"https:\/\/balanciert.at\/touch-for-health\/#breadcrumb"},"inLanguage":"en-GB","potentialAction":[{"@type":"ReadAction","target":["https:\/\/balanciert.at\/touch-for-health\/"]}]},{"@type":"BreadcrumbList","@id":"https:\/\/balanciert.at\/touch-for-health\/#breadcrumb","itemListElement":[{"@type":"ListItem","position":1,"name":"Startseite","item":"https:\/\/balanciert.at\/"},{"@type":"ListItem","position":2,"name":"Touch for Health"}]},{"@type":"WebSite","@id":"https:\/\/balanciert.at\/#website","url":"https:\/\/balanciert.at\/","name":"Kinesiologie in 1180","description":"","publisher":{"@id":"https:\/\/balanciert.at\/#organization"},"potentialAction":[{"@type":"SearchAction","target":{"@type":"EntryPoint","urlTemplate":"https:\/\/balanciert.at\/?s={search_term_string}"},"query-input":{"@type":"PropertyValueSpecification","valueRequired":true,"valueName":"search_term_string"}}],"inLanguage":"en-GB"},{"@type":"Organization","@id":"https:\/\/balanciert.at\/#organization","name":"Mag. Andrea Schwarz","url":"https:\/\/balanciert.at\/","logo":{"@type":"ImageObject","inLanguage":"en-GB","@id":"https:\/\/balanciert.at\/#\/schema\/logo\/image\/","url":"https:\/\/balanciert.at\/wp-content\/uploads\/2020\/12\/cropped-V_K0280-REV3-01.png","contentUrl":"https:\/\/balanciert.at\/wp-content\/uploads\/2020\/12\/cropped-V_K0280-REV3-01.png","width":10417,"height":2850,"caption":"Mag. Andrea Schwarz"},"image":{"@id":"https:\/\/balanciert.at\/#\/schema\/logo\/image\/"}}]}},"_links":{"self":[{"href":"https:\/\/balanciert.at\/en\/wp-json\/wp\/v2\/pages\/3396","targetHints":{"allow":["GET"]}}],"collection":[{"href":"https:\/\/balanciert.at\/en\/wp-json\/wp\/v2\/pages"}],"about":[{"href":"https:\/\/balanciert.at\/en\/wp-json\/wp\/v2\/types\/page"}],"author":[{"embeddable":true,"href":"https:\/\/balanciert.at\/en\/wp-json\/wp\/v2\/users\/1"}],"replies":[{"embeddable":true,"href":"https:\/\/balanciert.at\/en\/wp-json\/wp\/v2\/comments?post=3396"}],"version-history":[{"count":46,"href":"https:\/\/balanciert.at\/en\/wp-json\/wp\/v2\/pages\/3396\/revisions"}],"predecessor-version":[{"id":4277,"href":"https:\/\/balanciert.at\/en\/wp-json\/wp\/v2\/pages\/3396\/revisions\/4277"}],"wp:attachment":[{"href":"https:\/\/balanciert.at\/en\/wp-json\/wp\/v2\/media?parent=3396"}],"curies":[{"name":"wp","href":"https:\/\/api.w.org\/{rel}","templated":true}]}}