{"id":3015,"date":"2023-09-13T15:41:27","date_gmt":"2023-09-13T15:41:27","guid":{"rendered":"https:\/\/balanciert.at\/?page_id=3015"},"modified":"2026-01-29T17:25:11","modified_gmt":"2026-01-29T17:25:11","slug":"guetesiegel","status":"publish","type":"page","link":"https:\/\/balanciert.at\/en\/guetesiegel\/","title":{"rendered":"Quality seal"},"content":{"rendered":"<div data-elementor-type=\"wp-page\" data-elementor-id=\"3015\" class=\"elementor elementor-3015\">\n\t\t\t\t\t\t<section class=\"elementor-section elementor-top-section elementor-element elementor-element-8a7b141 elementor-section-boxed elementor-section-height-default elementor-section-height-default\" data-id=\"8a7b141\" data-element_type=\"section\" data-e-type=\"section\">\n\t\t\t\t\t\t<div class=\"elementor-container elementor-column-gap-default\">\n\t\t\t\t\t<div class=\"elementor-column elementor-col-100 elementor-top-column elementor-element elementor-element-627aa9c\" data-id=\"627aa9c\" data-element_type=\"column\" data-e-type=\"column\">\n\t\t\t<div class=\"elementor-widget-wrap elementor-element-populated\">\n\t\t\t\t\t\t<div class=\"elementor-element elementor-element-48c0ead elementor-widget elementor-widget-spacer\" data-id=\"48c0ead\" data-element_type=\"widget\" data-e-type=\"widget\" data-widget_type=\"spacer.default\">\n\t\t\t\t<div class=\"elementor-widget-container\">\n\t\t\t\t\t\t\t<div class=\"elementor-spacer\">\n\t\t\t<div class=\"elementor-spacer-inner\"><\/div>\n\t\t<\/div>\n\t\t\t\t\t\t<\/div>\n\t\t\t\t<\/div>\n\t\t\t\t<div class=\"elementor-element elementor-element-16b2cb2 elementor-widget elementor-widget-heading\" data-id=\"16b2cb2\" data-element_type=\"widget\" data-e-type=\"widget\" data-widget_type=\"heading.default\">\n\t\t\t\t<div class=\"elementor-widget-container\">\n\t\t\t\t\t<h2 class=\"elementor-heading-title elementor-size-default\">Qualit\u00e4tszertifikat<\/h2>\t\t\t\t<\/div>\n\t\t\t\t<\/div>\n\t\t\t\t\t<\/div>\n\t\t<\/div>\n\t\t\t\t\t<\/div>\n\t\t<\/section>\n\t\t\t\t<section class=\"elementor-section elementor-top-section elementor-element elementor-element-61f7075 elementor-section-boxed elementor-section-height-default elementor-section-height-default\" data-id=\"61f7075\" data-element_type=\"section\" data-e-type=\"section\">\n\t\t\t\t\t\t<div class=\"elementor-container elementor-column-gap-default\">\n\t\t\t\t\t<div class=\"elementor-column elementor-col-100 elementor-top-column elementor-element elementor-element-83cab0c\" data-id=\"83cab0c\" data-element_type=\"column\" data-e-type=\"column\">\n\t\t\t<div class=\"elementor-widget-wrap elementor-element-populated\">\n\t\t\t\t\t\t<div class=\"elementor-element elementor-element-e7c0ddc elementor-hidden-tablet elementor-hidden-mobile elementor-widget elementor-widget-spacer\" data-id=\"e7c0ddc\" data-element_type=\"widget\" data-e-type=\"widget\" data-widget_type=\"spacer.default\">\n\t\t\t\t<div class=\"elementor-widget-container\">\n\t\t\t\t\t\t\t<div class=\"elementor-spacer\">\n\t\t\t<div class=\"elementor-spacer-inner\"><\/div>\n\t\t<\/div>\n\t\t\t\t\t\t<\/div>\n\t\t\t\t<\/div>\n\t\t\t\t\t<\/div>\n\t\t<\/div>\n\t\t\t\t\t<\/div>\n\t\t<\/section>\n\t\t\t\t<section class=\"elementor-section elementor-top-section elementor-element elementor-element-dfdbac6 elementor-section-boxed elementor-section-height-default elementor-section-height-default\" data-id=\"dfdbac6\" data-element_type=\"section\" data-e-type=\"section\">\n\t\t\t\t\t\t<div class=\"elementor-container elementor-column-gap-default\">\n\t\t\t\t\t<div class=\"elementor-column elementor-col-50 elementor-top-column elementor-element elementor-element-a474c61\" data-id=\"a474c61\" data-element_type=\"column\" data-e-type=\"column\">\n\t\t\t<div class=\"elementor-widget-wrap elementor-element-populated\">\n\t\t\t\t\t\t<div class=\"elementor-element elementor-element-3889810 elementor-widget elementor-widget-text-editor\" data-id=\"3889810\" data-element_type=\"widget\" data-e-type=\"widget\" data-widget_type=\"text-editor.default\">\n\t\t\t\t<div class=\"elementor-widget-container\">\n\t\t\t\t\t\t\t\t\t<p>Quality is important to me \u2013 as a foundation for trust and as a sign of my appreciation for my clients.<\/p><p>Therefore, I am very pleased about the certification of my 'Professional Diligence' by the Vienna Chamber of Commerce.<\/p><p>It guarantees that my work fully meets the requirements and criteria of human energetics.<\/p>\t\t\t\t\t\t\t\t<\/div>\n\t\t\t\t<\/div>\n\t\t\t\t\t<\/div>\n\t\t<\/div>\n\t\t\t\t<div class=\"elementor-column elementor-col-50 elementor-top-column elementor-element elementor-element-7bfc75a\" data-id=\"7bfc75a\" data-element_type=\"column\" data-e-type=\"column\">\n\t\t\t<div class=\"elementor-widget-wrap elementor-element-populated\">\n\t\t\t\t\t\t<div class=\"elementor-element elementor-element-1fb373d elementor-widget__width-initial elementor-widget elementor-widget-image\" data-id=\"1fb373d\" data-element_type=\"widget\" data-e-type=\"widget\" data-widget_type=\"image.default\">\n\t\t\t\t<div class=\"elementor-widget-container\">\n\t\t\t\t\t\t\t\t\t\t\t\t\t\t\t<img decoding=\"async\" width=\"150\" height=\"176\" src=\"https:\/\/balanciert.at\/wp-content\/uploads\/2021\/09\/qmbs-he-plakette-stand210215-g3-150x176-1.png\" class=\"attachment-1536x1536 size-1536x1536 wp-image-2618\" alt=\"\" \/>\t\t\t\t\t\t\t\t\t\t\t\t\t\t\t<\/div>\n\t\t\t\t<\/div>\n\t\t\t\t<div class=\"elementor-element elementor-element-67e536f elementor-widget elementor-widget-spacer\" data-id=\"67e536f\" data-element_type=\"widget\" data-e-type=\"widget\" data-widget_type=\"spacer.default\">\n\t\t\t\t<div class=\"elementor-widget-container\">\n\t\t\t\t\t\t\t<div class=\"elementor-spacer\">\n\t\t\t<div class=\"elementor-spacer-inner\"><\/div>\n\t\t<\/div>\n\t\t\t\t\t\t<\/div>\n\t\t\t\t<\/div>\n\t\t\t\t\t<\/div>\n\t\t<\/div>\n\t\t\t\t\t<\/div>\n\t\t<\/section>\n\t\t\t\t<section class=\"elementor-section elementor-top-section elementor-element elementor-element-240143c elementor-section-boxed elementor-section-height-default elementor-section-height-default\" data-id=\"240143c\" data-element_type=\"section\" data-e-type=\"section\">\n\t\t\t\t\t\t<div class=\"elementor-container elementor-column-gap-default\">\n\t\t\t\t\t<div class=\"elementor-column elementor-col-100 elementor-top-column elementor-element elementor-element-3f34154\" data-id=\"3f34154\" data-element_type=\"column\" data-e-type=\"column\">\n\t\t\t<div class=\"elementor-widget-wrap elementor-element-populated\">\n\t\t\t\t\t\t<div class=\"elementor-element elementor-element-459d9cd elementor-widget elementor-widget-spacer\" data-id=\"459d9cd\" data-element_type=\"widget\" data-e-type=\"widget\" data-widget_type=\"spacer.default\">\n\t\t\t\t<div class=\"elementor-widget-container\">\n\t\t\t\t\t\t\t<div class=\"elementor-spacer\">\n\t\t\t<div class=\"elementor-spacer-inner\"><\/div>\n\t\t<\/div>\n\t\t\t\t\t\t<\/div>\n\t\t\t\t<\/div>\n\t\t\t\t\t<\/div>\n\t\t<\/div>\n\t\t\t\t\t<\/div>\n\t\t<\/section>\n\t\t\t\t<\/div>","protected":false},"excerpt":{"rendered":"<p>Qualit\u00e4tszertifikat Qualit\u00e4t ist mir wichtig &#8211; als Basis f\u00fcr Vertrauen und als Zeichen meiner Wertsch\u00e4tzung f\u00fcr meine Klienten. Daher freue ich mich sehr \u00fcber die Zertifizierung meiner &#8222;Beruflichen Sorgfalt&#8220; durch die Wirtschafskammer Wien. Sie garantiert, dass meine T\u00e4tigkeit voll den Anspr\u00fcchen und Kriterien der Humanenergetik entspricht.<\/p>","protected":false},"author":1,"featured_media":0,"parent":0,"menu_order":0,"comment_status":"closed","ping_status":"closed","template":"","meta":{"ocean_post_layout":"","ocean_both_sidebars_style":"","ocean_both_sidebars_content_width":0,"ocean_both_sidebars_sidebars_width":0,"ocean_sidebar":"","ocean_second_sidebar":"","ocean_disable_margins":"enable","ocean_add_body_class":"","ocean_shortcode_before_top_bar":"","ocean_shortcode_after_top_bar":"","ocean_shortcode_before_header":"","ocean_shortcode_after_header":"","ocean_has_shortcode":"","ocean_shortcode_after_title":"","ocean_shortcode_before_footer_widgets":"","ocean_shortcode_after_footer_widgets":"","ocean_shortcode_before_footer_bottom":"","ocean_shortcode_after_footer_bottom":"","ocean_display_top_bar":"off","ocean_display_header":"default","ocean_header_style":"","ocean_center_header_left_menu":"","ocean_custom_header_template":"","ocean_custom_logo":0,"ocean_custom_retina_logo":0,"ocean_custom_logo_max_width":0,"ocean_custom_logo_tablet_max_width":0,"ocean_custom_logo_mobile_max_width":0,"ocean_custom_logo_max_height":0,"ocean_custom_logo_tablet_max_height":0,"ocean_custom_logo_mobile_max_height":0,"ocean_header_custom_menu":"","ocean_menu_typo_font_family":"","ocean_menu_typo_font_subset":"","ocean_menu_typo_font_size":0,"ocean_menu_typo_font_size_tablet":0,"ocean_menu_typo_font_size_mobile":0,"ocean_menu_typo_font_size_unit":"px","ocean_menu_typo_font_weight":"","ocean_menu_typo_font_weight_tablet":"","ocean_menu_typo_font_weight_mobile":"","ocean_menu_typo_transform":"","ocean_menu_typo_transform_tablet":"","ocean_menu_typo_transform_mobile":"","ocean_menu_typo_line_height":0,"ocean_menu_typo_line_height_tablet":0,"ocean_menu_typo_line_height_mobile":0,"ocean_menu_typo_line_height_unit":"","ocean_menu_typo_spacing":0,"ocean_menu_typo_spacing_tablet":0,"ocean_menu_typo_spacing_mobile":0,"ocean_menu_typo_spacing_unit":"","ocean_menu_link_color":"","ocean_menu_link_color_hover":"","ocean_menu_link_color_active":"","ocean_menu_link_background":"","ocean_menu_link_hover_background":"","ocean_menu_link_active_background":"","ocean_menu_social_links_bg":"","ocean_menu_social_hover_links_bg":"","ocean_menu_social_links_color":"","ocean_menu_social_hover_links_color":"","ocean_disable_title":"on","ocean_disable_heading":"default","ocean_post_title":"","ocean_post_subheading":"","ocean_post_title_style":"","ocean_post_title_background_color":"","ocean_post_title_background":0,"ocean_post_title_bg_image_position":"","ocean_post_title_bg_image_attachment":"","ocean_post_title_bg_image_repeat":"","ocean_post_title_bg_image_size":"","ocean_post_title_height":0,"ocean_post_title_bg_overlay":0.5,"ocean_post_title_bg_overlay_color":"","ocean_disable_breadcrumbs":"default","ocean_breadcrumbs_color":"","ocean_breadcrumbs_separator_color":"","ocean_breadcrumbs_links_color":"","ocean_breadcrumbs_links_hover_color":"","ocean_display_footer_widgets":"default","ocean_display_footer_bottom":"default","ocean_custom_footer_template":"","footnotes":""},"class_list":["post-3015","page","type-page","status-publish","hentry","entry"],"yoast_head":"<!-- This site is optimized with the Yoast SEO plugin v27.3 - https:\/\/yoast.com\/product\/yoast-seo-wordpress\/ -->\n<title>G\u00fctesiegel - Kinesiologie in 1180<\/title>\n<meta name=\"description\" content=\"Mein Angebot zur L\u00f6sung von Lernblockaden, Haltungsproblemen und anderen stressbedingten Symptomen - Lerncoaching und effiziente Nachhilfe in Sprachen.\" \/>\n<meta name=\"robots\" content=\"index, follow, max-snippet:-1, max-image-preview:large, max-video-preview:-1\" \/>\n<link rel=\"canonical\" href=\"https:\/\/balanciert.at\/en\/guetesiegel\/\" \/>\n<meta property=\"og:locale\" content=\"en_GB\" \/>\n<meta property=\"og:type\" content=\"article\" \/>\n<meta property=\"og:title\" content=\"G\u00fctesiegel - Kinesiologie in 1180\" \/>\n<meta property=\"og:description\" content=\"Mein Angebot zur L\u00f6sung von Lernblockaden, Haltungsproblemen und anderen stressbedingten Symptomen - Lerncoaching und effiziente Nachhilfe in Sprachen.\" \/>\n<meta property=\"og:url\" content=\"https:\/\/balanciert.at\/en\/guetesiegel\/\" \/>\n<meta property=\"og:site_name\" content=\"Kinesiologie in 1180\" \/>\n<meta property=\"article:modified_time\" content=\"2026-01-29T17:25:11+00:00\" \/>\n<meta property=\"og:image\" content=\"https:\/\/balanciert.at\/wp-content\/uploads\/2021\/09\/qmbs-he-plakette-stand210215-g3-150x176-1.png\" \/>\n\t<meta property=\"og:image:width\" content=\"150\" \/>\n\t<meta property=\"og:image:height\" content=\"176\" \/>\n\t<meta property=\"og:image:type\" content=\"image\/png\" \/>\n<meta name=\"twitter:card\" content=\"summary_large_image\" \/>\n<meta name=\"twitter:label1\" content=\"Estimated reading time\" \/>\n\t<meta name=\"twitter:data1\" content=\"1 minute\" \/>\n<script type=\"application\/ld+json\" class=\"yoast-schema-graph\">{\"@context\":\"https:\\\/\\\/schema.org\",\"@graph\":[{\"@type\":\"WebPage\",\"@id\":\"https:\\\/\\\/balanciert.at\\\/guetesiegel\\\/\",\"url\":\"https:\\\/\\\/balanciert.at\\\/guetesiegel\\\/\",\"name\":\"G\u00fctesiegel - Kinesiologie in 1180\",\"isPartOf\":{\"@id\":\"https:\\\/\\\/balanciert.at\\\/#website\"},\"primaryImageOfPage\":{\"@id\":\"https:\\\/\\\/balanciert.at\\\/guetesiegel\\\/#primaryimage\"},\"image\":{\"@id\":\"https:\\\/\\\/balanciert.at\\\/guetesiegel\\\/#primaryimage\"},\"thumbnailUrl\":\"https:\\\/\\\/balanciert.at\\\/wp-content\\\/uploads\\\/2021\\\/09\\\/qmbs-he-plakette-stand210215-g3-150x176-1.png\",\"datePublished\":\"2023-09-13T15:41:27+00:00\",\"dateModified\":\"2026-01-29T17:25:11+00:00\",\"description\":\"Mein Angebot zur L\u00f6sung von Lernblockaden, Haltungsproblemen und anderen stressbedingten Symptomen - Lerncoaching und effiziente Nachhilfe in Sprachen.\",\"breadcrumb\":{\"@id\":\"https:\\\/\\\/balanciert.at\\\/guetesiegel\\\/#breadcrumb\"},\"inLanguage\":\"en-GB\",\"potentialAction\":[{\"@type\":\"ReadAction\",\"target\":[\"https:\\\/\\\/balanciert.at\\\/guetesiegel\\\/\"]}]},{\"@type\":\"ImageObject\",\"inLanguage\":\"en-GB\",\"@id\":\"https:\\\/\\\/balanciert.at\\\/guetesiegel\\\/#primaryimage\",\"url\":\"https:\\\/\\\/balanciert.at\\\/wp-content\\\/uploads\\\/2021\\\/09\\\/qmbs-he-plakette-stand210215-g3-150x176-1.png\",\"contentUrl\":\"https:\\\/\\\/balanciert.at\\\/wp-content\\\/uploads\\\/2021\\\/09\\\/qmbs-he-plakette-stand210215-g3-150x176-1.png\"},{\"@type\":\"BreadcrumbList\",\"@id\":\"https:\\\/\\\/balanciert.at\\\/guetesiegel\\\/#breadcrumb\",\"itemListElement\":[{\"@type\":\"ListItem\",\"position\":1,\"name\":\"Startseite\",\"item\":\"https:\\\/\\\/balanciert.at\\\/\"},{\"@type\":\"ListItem\",\"position\":2,\"name\":\"G\u00fctesiegel\"}]},{\"@type\":\"WebSite\",\"@id\":\"https:\\\/\\\/balanciert.at\\\/#website\",\"url\":\"https:\\\/\\\/balanciert.at\\\/\",\"name\":\"Kinesiologie in 1180\",\"description\":\"\",\"publisher\":{\"@id\":\"https:\\\/\\\/balanciert.at\\\/#organization\"},\"potentialAction\":[{\"@type\":\"SearchAction\",\"target\":{\"@type\":\"EntryPoint\",\"urlTemplate\":\"https:\\\/\\\/balanciert.at\\\/?s={search_term_string}\"},\"query-input\":{\"@type\":\"PropertyValueSpecification\",\"valueRequired\":true,\"valueName\":\"search_term_string\"}}],\"inLanguage\":\"en-GB\"},{\"@type\":\"Organization\",\"@id\":\"https:\\\/\\\/balanciert.at\\\/#organization\",\"name\":\"Mag. Andrea Schwarz\",\"url\":\"https:\\\/\\\/balanciert.at\\\/\",\"logo\":{\"@type\":\"ImageObject\",\"inLanguage\":\"en-GB\",\"@id\":\"https:\\\/\\\/balanciert.at\\\/#\\\/schema\\\/logo\\\/image\\\/\",\"url\":\"https:\\\/\\\/balanciert.at\\\/wp-content\\\/uploads\\\/2020\\\/12\\\/cropped-V_K0280-REV3-01.png\",\"contentUrl\":\"https:\\\/\\\/balanciert.at\\\/wp-content\\\/uploads\\\/2020\\\/12\\\/cropped-V_K0280-REV3-01.png\",\"width\":10417,\"height\":2850,\"caption\":\"Mag. Andrea Schwarz\"},\"image\":{\"@id\":\"https:\\\/\\\/balanciert.at\\\/#\\\/schema\\\/logo\\\/image\\\/\"}}]}<\/script>\n<!-- \/ Yoast SEO plugin. -->","yoast_head_json":{"title":"G\u00fctesiegel - Kinesiologie in 1180","description":"Mein Angebot zur L\u00f6sung von Lernblockaden, Haltungsproblemen und anderen stressbedingten Symptomen - Lerncoaching und effiziente Nachhilfe in Sprachen.","robots":{"index":"index","follow":"follow","max-snippet":"max-snippet:-1","max-image-preview":"max-image-preview:large","max-video-preview":"max-video-preview:-1"},"canonical":"https:\/\/balanciert.at\/en\/guetesiegel\/","og_locale":"en_GB","og_type":"article","og_title":"G\u00fctesiegel - Kinesiologie in 1180","og_description":"Mein Angebot zur L\u00f6sung von Lernblockaden, Haltungsproblemen und anderen stressbedingten Symptomen - Lerncoaching und effiziente Nachhilfe in Sprachen.","og_url":"https:\/\/balanciert.at\/en\/guetesiegel\/","og_site_name":"Kinesiologie in 1180","article_modified_time":"2026-01-29T17:25:11+00:00","og_image":[{"width":150,"height":176,"url":"https:\/\/balanciert.at\/wp-content\/uploads\/2021\/09\/qmbs-he-plakette-stand210215-g3-150x176-1.png","type":"image\/png"}],"twitter_card":"summary_large_image","twitter_misc":{"Estimated reading time":"1 minute"},"schema":{"@context":"https:\/\/schema.org","@graph":[{"@type":"WebPage","@id":"https:\/\/balanciert.at\/guetesiegel\/","url":"https:\/\/balanciert.at\/guetesiegel\/","name":"G\u00fctesiegel - Kinesiologie in 1180","isPartOf":{"@id":"https:\/\/balanciert.at\/#website"},"primaryImageOfPage":{"@id":"https:\/\/balanciert.at\/guetesiegel\/#primaryimage"},"image":{"@id":"https:\/\/balanciert.at\/guetesiegel\/#primaryimage"},"thumbnailUrl":"https:\/\/balanciert.at\/wp-content\/uploads\/2021\/09\/qmbs-he-plakette-stand210215-g3-150x176-1.png","datePublished":"2023-09-13T15:41:27+00:00","dateModified":"2026-01-29T17:25:11+00:00","description":"Mein Angebot zur L\u00f6sung von Lernblockaden, Haltungsproblemen und anderen stressbedingten Symptomen - Lerncoaching und effiziente Nachhilfe in Sprachen.","breadcrumb":{"@id":"https:\/\/balanciert.at\/guetesiegel\/#breadcrumb"},"inLanguage":"en-GB","potentialAction":[{"@type":"ReadAction","target":["https:\/\/balanciert.at\/guetesiegel\/"]}]},{"@type":"ImageObject","inLanguage":"en-GB","@id":"https:\/\/balanciert.at\/guetesiegel\/#primaryimage","url":"https:\/\/balanciert.at\/wp-content\/uploads\/2021\/09\/qmbs-he-plakette-stand210215-g3-150x176-1.png","contentUrl":"https:\/\/balanciert.at\/wp-content\/uploads\/2021\/09\/qmbs-he-plakette-stand210215-g3-150x176-1.png"},{"@type":"BreadcrumbList","@id":"https:\/\/balanciert.at\/guetesiegel\/#breadcrumb","itemListElement":[{"@type":"ListItem","position":1,"name":"Startseite","item":"https:\/\/balanciert.at\/"},{"@type":"ListItem","position":2,"name":"G\u00fctesiegel"}]},{"@type":"WebSite","@id":"https:\/\/balanciert.at\/#website","url":"https:\/\/balanciert.at\/","name":"Kinesiologie in 1180","description":"","publisher":{"@id":"https:\/\/balanciert.at\/#organization"},"potentialAction":[{"@type":"SearchAction","target":{"@type":"EntryPoint","urlTemplate":"https:\/\/balanciert.at\/?s={search_term_string}"},"query-input":{"@type":"PropertyValueSpecification","valueRequired":true,"valueName":"search_term_string"}}],"inLanguage":"en-GB"},{"@type":"Organization","@id":"https:\/\/balanciert.at\/#organization","name":"Mag. Andrea Schwarz","url":"https:\/\/balanciert.at\/","logo":{"@type":"ImageObject","inLanguage":"en-GB","@id":"https:\/\/balanciert.at\/#\/schema\/logo\/image\/","url":"https:\/\/balanciert.at\/wp-content\/uploads\/2020\/12\/cropped-V_K0280-REV3-01.png","contentUrl":"https:\/\/balanciert.at\/wp-content\/uploads\/2020\/12\/cropped-V_K0280-REV3-01.png","width":10417,"height":2850,"caption":"Mag. Andrea Schwarz"},"image":{"@id":"https:\/\/balanciert.at\/#\/schema\/logo\/image\/"}}]}},"_links":{"self":[{"href":"https:\/\/balanciert.at\/en\/wp-json\/wp\/v2\/pages\/3015","targetHints":{"allow":["GET"]}}],"collection":[{"href":"https:\/\/balanciert.at\/en\/wp-json\/wp\/v2\/pages"}],"about":[{"href":"https:\/\/balanciert.at\/en\/wp-json\/wp\/v2\/types\/page"}],"author":[{"embeddable":true,"href":"https:\/\/balanciert.at\/en\/wp-json\/wp\/v2\/users\/1"}],"replies":[{"embeddable":true,"href":"https:\/\/balanciert.at\/en\/wp-json\/wp\/v2\/comments?post=3015"}],"version-history":[{"count":39,"href":"https:\/\/balanciert.at\/en\/wp-json\/wp\/v2\/pages\/3015\/revisions"}],"predecessor-version":[{"id":4250,"href":"https:\/\/balanciert.at\/en\/wp-json\/wp\/v2\/pages\/3015\/revisions\/4250"}],"wp:attachment":[{"href":"https:\/\/balanciert.at\/en\/wp-json\/wp\/v2\/media?parent=3015"}],"curies":[{"name":"wp","href":"https:\/\/api.w.org\/{rel}","templated":true}]}}