{"id":1644,"date":"2020-12-03T09:47:59","date_gmt":"2020-12-03T09:47:59","guid":{"rendered":"https:\/\/kinesiologiein1180.live-website.com\/?page_id=1644"},"modified":"2023-11-21T12:21:17","modified_gmt":"2023-11-21T12:21:17","slug":"impressum","status":"publish","type":"page","link":"https:\/\/balanciert.at\/en\/impressum\/","title":{"rendered":"Impressum"},"content":{"rendered":"<div data-elementor-type=\"wp-page\" data-elementor-id=\"1644\" class=\"elementor elementor-1644\">\n\t\t\t\t\t\t<section class=\"elementor-section elementor-top-section elementor-element elementor-element-e39576e elementor-section-boxed elementor-section-height-default elementor-section-height-default\" data-id=\"e39576e\" data-element_type=\"section\" data-e-type=\"section\">\n\t\t\t\t\t\t<div class=\"elementor-container elementor-column-gap-default\">\n\t\t\t\t\t<div class=\"elementor-column elementor-col-100 elementor-top-column elementor-element elementor-element-5584a2d\" data-id=\"5584a2d\" data-element_type=\"column\" data-e-type=\"column\">\n\t\t\t<div class=\"elementor-widget-wrap elementor-element-populated\">\n\t\t\t\t\t\t<div class=\"elementor-element elementor-element-04d6016 elementor-hidden-phone elementor-hidden-tablet elementor-widget elementor-widget-spacer\" data-id=\"04d6016\" data-element_type=\"widget\" data-e-type=\"widget\" data-widget_type=\"spacer.default\">\n\t\t\t\t<div class=\"elementor-widget-container\">\n\t\t\t\t\t\t\t<div class=\"elementor-spacer\">\n\t\t\t<div class=\"elementor-spacer-inner\"><\/div>\n\t\t<\/div>\n\t\t\t\t\t\t<\/div>\n\t\t\t\t<\/div>\n\t\t\t\t<div class=\"elementor-element elementor-element-0fc0acb elementor-widget elementor-widget-heading\" data-id=\"0fc0acb\" data-element_type=\"widget\" data-e-type=\"widget\" data-widget_type=\"heading.default\">\n\t\t\t\t<div class=\"elementor-widget-container\">\n\t\t\t\t\t<h2 class=\"elementor-heading-title elementor-size-default\">Impressum<\/h2>\t\t\t\t<\/div>\n\t\t\t\t<\/div>\n\t\t\t\t<div class=\"elementor-element elementor-element-1f2a802 elementor-widget elementor-widget-spacer\" data-id=\"1f2a802\" data-element_type=\"widget\" data-e-type=\"widget\" data-widget_type=\"spacer.default\">\n\t\t\t\t<div class=\"elementor-widget-container\">\n\t\t\t\t\t\t\t<div class=\"elementor-spacer\">\n\t\t\t<div class=\"elementor-spacer-inner\"><\/div>\n\t\t<\/div>\n\t\t\t\t\t\t<\/div>\n\t\t\t\t<\/div>\n\t\t\t\t<div class=\"elementor-element elementor-element-94fe2ae elementor-widget elementor-widget-text-editor\" data-id=\"94fe2ae\" data-element_type=\"widget\" data-e-type=\"widget\" data-widget_type=\"text-editor.default\">\n\t\t\t\t<div class=\"elementor-widget-container\">\n\t\t\t\t\t\t\t\t\t<p><strong>Anbieter und f\u00fcr den Inhalt verantwortlich<\/strong><\/p><p>Mag. Andrea Schwarz<br \/>W\u00e4hringerstra\u00dfe 80-82\/2\/18<br \/>A-1180 Wien, \u00d6sterreich<br \/>E-Mail-Adresse: andrea(at)balanciert.at<br \/>Telefon: 0660 450 89 06<\/p><p><strong>\u00a0<\/strong><\/p><p><strong>Angaben zum Unternehmen<\/strong><\/p><p>Fachgruppe: Freies Gewerbe\/ Pers\u00f6nliche Dienstleister<br \/>Berufsgruppe: Humanenergetiker<\/p><p>Verleihungsstaat: \u00d6sterreich<\/p><p><strong>\u00a0<\/strong><\/p><p><strong>Aufsichtsbeh\u00f6rden<\/strong><\/p><p>Magistratisches Bezirksamt 18.\/19. Bezirk<br \/>Martinstra\u00dfe 100,<br \/>A-1180 Wien, \u00d6sterreich.<\/p><p>Magistrat Salzburg Schwarzstra\u00dfe 44,<br \/>A- 5020 Salzburg<\/p><p><strong>\u00a0<\/strong><\/p><p><strong>Mitglied der Wirtschaftskammer\u00a0<\/strong><\/p><p>WK Wien, WK Salzburg<\/p><p><strong>\u00a0<\/strong><\/p><p><strong>Berufsrechtliche Regelungen<\/strong><\/p><p>Gewerbeordnung: www.ris.bka.gv.at<\/p><p><strong>Haftungs- und Schutzrechtshinweise<\/strong><\/p><p><strong>Haftungsausschluss<\/strong>:<\/p><p>Die Inhalte wurden sorgf\u00e4ltig und nach unserem aktuellen Kenntnisstand erstellt, dienen jedoch nur der Information und entfalten keine rechtlich bindende Wirkung, sofern es sich nicht um gesetzlich verpflichtende Informationen (z.B. das Impressum, die Datenschutzerkl\u00e4rung) handelt.\u00a0 Wir behalten uns vor, die Inhalte vollst\u00e4ndig oder teilweise zu \u00e4ndern oder zu l\u00f6schen, soweit vertragliche Verpflichtungen unber\u00fchrt bleiben. Alle Angebote sind freibleibend und unverbindlich.<\/p><p>Trotz sorgf\u00e4ltiger inhaltlicher Kontrolle \u00fcbernehmen wir keine Haftung f\u00fcr die Inhalte externer Links. F\u00fcr den Inhalt der verlinkten Seiten sind ausschlie\u00dflich deren Betreiber verantwortlich.<br \/>F\u00fcr den Fall, dass Verlinkungen durch fremde Internetseiten erfolgen, die einen rechtswidrigen Inhalt aufweisen oder sonst geeignet sein k\u00f6nnten, den Interessenten oder dem Ansehen unseren Unternehmens zu schaden, werden rechtliche Schritte vorbehalten.<\/p><p><strong>\u00a0<\/strong><\/p><p><strong>Urheberrechte und Markenrechte<\/strong>:<\/p><p>Alle auf dieser Website dargestellten Inhalte, wie Texte, Fotografien, Grafiken, Marken und Warenzeichen sind durch die jeweiligen Schutzrechte (Urheberrechte, Markenrechte) gesch\u00fctzt. Die Verwendung, Vervielf\u00e4ltigung usw. unterliegen unseren Rechten oder den Rechten der jeweiligen\u00a0Urheber bzw. Rechteverwalter.<\/p><p><strong>\u00a0<\/strong><\/p><p><strong>Bildquellen und Urheberrechtshinweise:<\/strong><\/p><p>Fotos \u00a9 D. K\u00f6ck, A. Podest\u00e0, A. Schwarz; Bilder \u00a9 A. Schwarz<\/p><p class=\"seal\">Erstellt mit kostenlosem Datenschutz-Generator.de von Dr. Thomas Schwenk.<\/p>\t\t\t\t\t\t\t\t<\/div>\n\t\t\t\t<\/div>\n\t\t\t\t\t<\/div>\n\t\t<\/div>\n\t\t\t\t\t<\/div>\n\t\t<\/section>\n\t\t\t\t<\/div>","protected":false},"excerpt":{"rendered":"<p>Impressum Anbieter und f\u00fcr den Inhalt verantwortlich Mag. Andrea SchwarzW\u00e4hringerstra\u00dfe 80-82\/2\/18A-1180 Wien, \u00d6sterreichE-Mail-Adresse: andrea(at)balanciert.atTelefon: 0660 450 89 06 \u00a0 Angaben zum Unternehmen Fachgruppe: Freies Gewerbe\/ Pers\u00f6nliche DienstleisterBerufsgruppe: Humanenergetiker Verleihungsstaat: \u00d6sterreich \u00a0 Aufsichtsbeh\u00f6rden Magistratisches Bezirksamt 18.\/19. BezirkMartinstra\u00dfe 100,A-1180 Wien, \u00d6sterreich. Magistrat Salzburg Schwarzstra\u00dfe 44,A- 5020 Salzburg \u00a0 Mitglied der Wirtschaftskammer\u00a0 WK Wien, WK Salzburg \u00a0 Berufsrechtliche [&hellip;]<\/p>\n","protected":false},"author":1,"featured_media":0,"parent":0,"menu_order":0,"comment_status":"closed","ping_status":"closed","template":"","meta":{"ocean_post_layout":"full-screen","ocean_both_sidebars_style":"","ocean_both_sidebars_content_width":0,"ocean_both_sidebars_sidebars_width":0,"ocean_sidebar":"0","ocean_second_sidebar":"0","ocean_disable_margins":"enable","ocean_add_body_class":"","ocean_shortcode_before_top_bar":"","ocean_shortcode_after_top_bar":"","ocean_shortcode_before_header":"","ocean_shortcode_after_header":"","ocean_has_shortcode":"","ocean_shortcode_after_title":"","ocean_shortcode_before_footer_widgets":"","ocean_shortcode_after_footer_widgets":"","ocean_shortcode_before_footer_bottom":"","ocean_shortcode_after_footer_bottom":"","ocean_display_top_bar":"off","ocean_display_header":"default","ocean_header_style":"","ocean_center_header_left_menu":"0","ocean_custom_header_template":"0","ocean_custom_logo":0,"ocean_custom_retina_logo":0,"ocean_custom_logo_max_width":0,"ocean_custom_logo_tablet_max_width":0,"ocean_custom_logo_mobile_max_width":0,"ocean_custom_logo_max_height":0,"ocean_custom_logo_tablet_max_height":0,"ocean_custom_logo_mobile_max_height":0,"ocean_header_custom_menu":"0","ocean_menu_typo_font_family":"0","ocean_menu_typo_font_subset":"","ocean_menu_typo_font_size":0,"ocean_menu_typo_font_size_tablet":0,"ocean_menu_typo_font_size_mobile":0,"ocean_menu_typo_font_size_unit":"px","ocean_menu_typo_font_weight":"","ocean_menu_typo_font_weight_tablet":"","ocean_menu_typo_font_weight_mobile":"","ocean_menu_typo_transform":"","ocean_menu_typo_transform_tablet":"","ocean_menu_typo_transform_mobile":"","ocean_menu_typo_line_height":0,"ocean_menu_typo_line_height_tablet":0,"ocean_menu_typo_line_height_mobile":0,"ocean_menu_typo_line_height_unit":"","ocean_menu_typo_spacing":0,"ocean_menu_typo_spacing_tablet":0,"ocean_menu_typo_spacing_mobile":0,"ocean_menu_typo_spacing_unit":"","ocean_menu_link_color":"","ocean_menu_link_color_hover":"","ocean_menu_link_color_active":"","ocean_menu_link_background":"","ocean_menu_link_hover_background":"","ocean_menu_link_active_background":"","ocean_menu_social_links_bg":"","ocean_menu_social_hover_links_bg":"","ocean_menu_social_links_color":"","ocean_menu_social_hover_links_color":"","ocean_disable_title":"on","ocean_disable_heading":"default","ocean_post_title":"","ocean_post_subheading":"","ocean_post_title_style":"","ocean_post_title_background_color":"","ocean_post_title_background":0,"ocean_post_title_bg_image_position":"","ocean_post_title_bg_image_attachment":"","ocean_post_title_bg_image_repeat":"","ocean_post_title_bg_image_size":"","ocean_post_title_height":0,"ocean_post_title_bg_overlay":0.5,"ocean_post_title_bg_overlay_color":"","ocean_disable_breadcrumbs":"default","ocean_breadcrumbs_color":"","ocean_breadcrumbs_separator_color":"","ocean_breadcrumbs_links_color":"","ocean_breadcrumbs_links_hover_color":"","ocean_display_footer_widgets":"default","ocean_display_footer_bottom":"default","ocean_custom_footer_template":"0","footnotes":""},"class_list":["post-1644","page","type-page","status-publish","hentry","entry"],"yoast_head":"<!-- This site is optimized with the Yoast SEO plugin v27.3 - https:\/\/yoast.com\/product\/yoast-seo-wordpress\/ -->\n<title>Impressum - Kinesiologie in 1180<\/title>\n<meta name=\"description\" content=\"Mein Angebot zur L\u00f6sung von Lernblockaden, Haltungsproblemen und anderen stressbedingten Symptomen - Lerncoaching und effiziente Nachhilfe in Sprachen.\" \/>\n<meta name=\"robots\" content=\"index, follow, max-snippet:-1, max-image-preview:large, max-video-preview:-1\" \/>\n<link rel=\"canonical\" href=\"https:\/\/balanciert.at\/en\/impressum\/\" \/>\n<meta property=\"og:locale\" content=\"en_GB\" \/>\n<meta property=\"og:type\" content=\"article\" \/>\n<meta property=\"og:title\" content=\"Impressum - Kinesiologie in 1180\" \/>\n<meta property=\"og:description\" content=\"Mein Angebot zur L\u00f6sung von Lernblockaden, Haltungsproblemen und anderen stressbedingten Symptomen - Lerncoaching und effiziente Nachhilfe in Sprachen.\" \/>\n<meta property=\"og:url\" content=\"https:\/\/balanciert.at\/en\/impressum\/\" \/>\n<meta property=\"og:site_name\" content=\"Kinesiologie in 1180\" \/>\n<meta property=\"article:modified_time\" content=\"2023-11-21T12:21:17+00:00\" \/>\n<meta name=\"twitter:card\" content=\"summary_large_image\" \/>\n<meta name=\"twitter:label1\" content=\"Estimated reading time\" \/>\n\t<meta name=\"twitter:data1\" content=\"2 minutes\" \/>\n<script type=\"application\/ld+json\" class=\"yoast-schema-graph\">{\"@context\":\"https:\\\/\\\/schema.org\",\"@graph\":[{\"@type\":\"WebPage\",\"@id\":\"https:\\\/\\\/balanciert.at\\\/impressum\\\/\",\"url\":\"https:\\\/\\\/balanciert.at\\\/impressum\\\/\",\"name\":\"Impressum - Kinesiologie in 1180\",\"isPartOf\":{\"@id\":\"https:\\\/\\\/balanciert.at\\\/#website\"},\"datePublished\":\"2020-12-03T09:47:59+00:00\",\"dateModified\":\"2023-11-21T12:21:17+00:00\",\"description\":\"Mein Angebot zur L\u00f6sung von Lernblockaden, Haltungsproblemen und anderen stressbedingten Symptomen - Lerncoaching und effiziente Nachhilfe in Sprachen.\",\"breadcrumb\":{\"@id\":\"https:\\\/\\\/balanciert.at\\\/impressum\\\/#breadcrumb\"},\"inLanguage\":\"en-GB\",\"potentialAction\":[{\"@type\":\"ReadAction\",\"target\":[\"https:\\\/\\\/balanciert.at\\\/impressum\\\/\"]}]},{\"@type\":\"BreadcrumbList\",\"@id\":\"https:\\\/\\\/balanciert.at\\\/impressum\\\/#breadcrumb\",\"itemListElement\":[{\"@type\":\"ListItem\",\"position\":1,\"name\":\"Startseite\",\"item\":\"https:\\\/\\\/balanciert.at\\\/\"},{\"@type\":\"ListItem\",\"position\":2,\"name\":\"Impressum\"}]},{\"@type\":\"WebSite\",\"@id\":\"https:\\\/\\\/balanciert.at\\\/#website\",\"url\":\"https:\\\/\\\/balanciert.at\\\/\",\"name\":\"Kinesiologie in 1180\",\"description\":\"\",\"publisher\":{\"@id\":\"https:\\\/\\\/balanciert.at\\\/#organization\"},\"potentialAction\":[{\"@type\":\"SearchAction\",\"target\":{\"@type\":\"EntryPoint\",\"urlTemplate\":\"https:\\\/\\\/balanciert.at\\\/?s={search_term_string}\"},\"query-input\":{\"@type\":\"PropertyValueSpecification\",\"valueRequired\":true,\"valueName\":\"search_term_string\"}}],\"inLanguage\":\"en-GB\"},{\"@type\":\"Organization\",\"@id\":\"https:\\\/\\\/balanciert.at\\\/#organization\",\"name\":\"Mag. Andrea Schwarz\",\"url\":\"https:\\\/\\\/balanciert.at\\\/\",\"logo\":{\"@type\":\"ImageObject\",\"inLanguage\":\"en-GB\",\"@id\":\"https:\\\/\\\/balanciert.at\\\/#\\\/schema\\\/logo\\\/image\\\/\",\"url\":\"https:\\\/\\\/balanciert.at\\\/wp-content\\\/uploads\\\/2020\\\/12\\\/cropped-V_K0280-REV3-01.png\",\"contentUrl\":\"https:\\\/\\\/balanciert.at\\\/wp-content\\\/uploads\\\/2020\\\/12\\\/cropped-V_K0280-REV3-01.png\",\"width\":10417,\"height\":2850,\"caption\":\"Mag. Andrea Schwarz\"},\"image\":{\"@id\":\"https:\\\/\\\/balanciert.at\\\/#\\\/schema\\\/logo\\\/image\\\/\"}}]}<\/script>\n<!-- \/ Yoast SEO plugin. -->","yoast_head_json":{"title":"Impressum - Kinesiologie in 1180","description":"Mein Angebot zur L\u00f6sung von Lernblockaden, Haltungsproblemen und anderen stressbedingten Symptomen - Lerncoaching und effiziente Nachhilfe in Sprachen.","robots":{"index":"index","follow":"follow","max-snippet":"max-snippet:-1","max-image-preview":"max-image-preview:large","max-video-preview":"max-video-preview:-1"},"canonical":"https:\/\/balanciert.at\/en\/impressum\/","og_locale":"en_GB","og_type":"article","og_title":"Impressum - Kinesiologie in 1180","og_description":"Mein Angebot zur L\u00f6sung von Lernblockaden, Haltungsproblemen und anderen stressbedingten Symptomen - Lerncoaching und effiziente Nachhilfe in Sprachen.","og_url":"https:\/\/balanciert.at\/en\/impressum\/","og_site_name":"Kinesiologie in 1180","article_modified_time":"2023-11-21T12:21:17+00:00","twitter_card":"summary_large_image","twitter_misc":{"Estimated reading time":"2 minutes"},"schema":{"@context":"https:\/\/schema.org","@graph":[{"@type":"WebPage","@id":"https:\/\/balanciert.at\/impressum\/","url":"https:\/\/balanciert.at\/impressum\/","name":"Impressum - Kinesiologie in 1180","isPartOf":{"@id":"https:\/\/balanciert.at\/#website"},"datePublished":"2020-12-03T09:47:59+00:00","dateModified":"2023-11-21T12:21:17+00:00","description":"Mein Angebot zur L\u00f6sung von Lernblockaden, Haltungsproblemen und anderen stressbedingten Symptomen - Lerncoaching und effiziente Nachhilfe in Sprachen.","breadcrumb":{"@id":"https:\/\/balanciert.at\/impressum\/#breadcrumb"},"inLanguage":"en-GB","potentialAction":[{"@type":"ReadAction","target":["https:\/\/balanciert.at\/impressum\/"]}]},{"@type":"BreadcrumbList","@id":"https:\/\/balanciert.at\/impressum\/#breadcrumb","itemListElement":[{"@type":"ListItem","position":1,"name":"Startseite","item":"https:\/\/balanciert.at\/"},{"@type":"ListItem","position":2,"name":"Impressum"}]},{"@type":"WebSite","@id":"https:\/\/balanciert.at\/#website","url":"https:\/\/balanciert.at\/","name":"Kinesiologie in 1180","description":"","publisher":{"@id":"https:\/\/balanciert.at\/#organization"},"potentialAction":[{"@type":"SearchAction","target":{"@type":"EntryPoint","urlTemplate":"https:\/\/balanciert.at\/?s={search_term_string}"},"query-input":{"@type":"PropertyValueSpecification","valueRequired":true,"valueName":"search_term_string"}}],"inLanguage":"en-GB"},{"@type":"Organization","@id":"https:\/\/balanciert.at\/#organization","name":"Mag. Andrea Schwarz","url":"https:\/\/balanciert.at\/","logo":{"@type":"ImageObject","inLanguage":"en-GB","@id":"https:\/\/balanciert.at\/#\/schema\/logo\/image\/","url":"https:\/\/balanciert.at\/wp-content\/uploads\/2020\/12\/cropped-V_K0280-REV3-01.png","contentUrl":"https:\/\/balanciert.at\/wp-content\/uploads\/2020\/12\/cropped-V_K0280-REV3-01.png","width":10417,"height":2850,"caption":"Mag. Andrea Schwarz"},"image":{"@id":"https:\/\/balanciert.at\/#\/schema\/logo\/image\/"}}]}},"_links":{"self":[{"href":"https:\/\/balanciert.at\/en\/wp-json\/wp\/v2\/pages\/1644","targetHints":{"allow":["GET"]}}],"collection":[{"href":"https:\/\/balanciert.at\/en\/wp-json\/wp\/v2\/pages"}],"about":[{"href":"https:\/\/balanciert.at\/en\/wp-json\/wp\/v2\/types\/page"}],"author":[{"embeddable":true,"href":"https:\/\/balanciert.at\/en\/wp-json\/wp\/v2\/users\/1"}],"replies":[{"embeddable":true,"href":"https:\/\/balanciert.at\/en\/wp-json\/wp\/v2\/comments?post=1644"}],"version-history":[{"count":155,"href":"https:\/\/balanciert.at\/en\/wp-json\/wp\/v2\/pages\/1644\/revisions"}],"predecessor-version":[{"id":3262,"href":"https:\/\/balanciert.at\/en\/wp-json\/wp\/v2\/pages\/1644\/revisions\/3262"}],"wp:attachment":[{"href":"https:\/\/balanciert.at\/en\/wp-json\/wp\/v2\/media?parent=1644"}],"curies":[{"name":"wp","href":"https:\/\/api.w.org\/{rel}","templated":true}]}}