{"id":140,"date":"2020-10-07T09:06:58","date_gmt":"2020-10-07T09:06:58","guid":{"rendered":"https:\/\/kinesiologiein1180.live-website.com\/?page_id=140"},"modified":"2026-01-29T17:28:17","modified_gmt":"2026-01-29T17:28:17","slug":"lernen","status":"publish","type":"page","link":"https:\/\/balanciert.at\/en\/lernen\/","title":{"rendered":"Lernf\u00f6rderung"},"content":{"rendered":"<div data-elementor-type=\"wp-page\" data-elementor-id=\"140\" class=\"elementor elementor-140\">\n\t\t\t\t\t\t<section class=\"elementor-section elementor-top-section elementor-element elementor-element-1e79740 elementor-section-boxed elementor-section-height-default elementor-section-height-default\" data-id=\"1e79740\" data-element_type=\"section\" data-e-type=\"section\">\n\t\t\t\t\t\t<div class=\"elementor-container elementor-column-gap-default\">\n\t\t\t\t\t<div class=\"elementor-column elementor-col-100 elementor-top-column elementor-element elementor-element-aa0c687\" data-id=\"aa0c687\" data-element_type=\"column\" data-e-type=\"column\">\n\t\t\t<div class=\"elementor-widget-wrap elementor-element-populated\">\n\t\t\t\t\t\t<div class=\"elementor-element elementor-element-0eecd37 elementor-hidden-phone elementor-widget elementor-widget-spacer\" data-id=\"0eecd37\" data-element_type=\"widget\" data-e-type=\"widget\" data-widget_type=\"spacer.default\">\n\t\t\t\t<div class=\"elementor-widget-container\">\n\t\t\t\t\t\t\t<div class=\"elementor-spacer\">\n\t\t\t<div class=\"elementor-spacer-inner\"><\/div>\n\t\t<\/div>\n\t\t\t\t\t\t<\/div>\n\t\t\t\t<\/div>\n\t\t\t\t\t<\/div>\n\t\t<\/div>\n\t\t\t\t\t<\/div>\n\t\t<\/section>\n\t\t\t\t<section class=\"elementor-section elementor-top-section elementor-element elementor-element-ddd5270 elementor-section-boxed elementor-section-height-default elementor-section-height-default\" data-id=\"ddd5270\" data-element_type=\"section\" data-e-type=\"section\">\n\t\t\t\t\t\t<div class=\"elementor-container elementor-column-gap-default\">\n\t\t\t\t\t<div class=\"elementor-column elementor-col-100 elementor-top-column elementor-element elementor-element-613959d\" data-id=\"613959d\" data-element_type=\"column\" data-e-type=\"column\">\n\t\t\t<div class=\"elementor-widget-wrap elementor-element-populated\">\n\t\t\t\t\t\t<div class=\"elementor-element elementor-element-554f8be elementor-widget elementor-widget-heading\" data-id=\"554f8be\" data-element_type=\"widget\" data-e-type=\"widget\" data-widget_type=\"heading.default\">\n\t\t\t\t<div class=\"elementor-widget-container\">\n\t\t\t\t\t<h1 class=\"elementor-heading-title elementor-size-default\">Kinesiology: support with learning difficulties<\/h1>\t\t\t\t<\/div>\n\t\t\t\t<\/div>\n\t\t\t\t\t<\/div>\n\t\t<\/div>\n\t\t\t\t\t<\/div>\n\t\t<\/section>\n\t\t\t\t<section class=\"elementor-section elementor-top-section elementor-element elementor-element-64deb39 elementor-section-boxed elementor-section-height-default elementor-section-height-default\" data-id=\"64deb39\" data-element_type=\"section\" data-e-type=\"section\">\n\t\t\t\t\t\t<div class=\"elementor-container elementor-column-gap-default\">\n\t\t\t\t\t<div class=\"elementor-column elementor-col-100 elementor-top-column elementor-element elementor-element-eeaa128\" data-id=\"eeaa128\" data-element_type=\"column\" data-e-type=\"column\">\n\t\t\t<div class=\"elementor-widget-wrap elementor-element-populated\">\n\t\t\t\t\t\t<div class=\"elementor-element elementor-element-b6e5687 elementor-widget elementor-widget-spacer\" data-id=\"b6e5687\" data-element_type=\"widget\" data-e-type=\"widget\" data-widget_type=\"spacer.default\">\n\t\t\t\t<div class=\"elementor-widget-container\">\n\t\t\t\t\t\t\t<div class=\"elementor-spacer\">\n\t\t\t<div class=\"elementor-spacer-inner\"><\/div>\n\t\t<\/div>\n\t\t\t\t\t\t<\/div>\n\t\t\t\t<\/div>\n\t\t\t\t\t<\/div>\n\t\t<\/div>\n\t\t\t\t\t<\/div>\n\t\t<\/section>\n\t\t\t\t<section class=\"elementor-section elementor-top-section elementor-element elementor-element-a555c8b elementor-section-boxed elementor-section-height-default elementor-section-height-default\" data-id=\"a555c8b\" data-element_type=\"section\" data-e-type=\"section\">\n\t\t\t\t\t\t<div class=\"elementor-container elementor-column-gap-default\">\n\t\t\t\t\t<div class=\"elementor-column elementor-col-100 elementor-top-column elementor-element elementor-element-9cdfad6\" data-id=\"9cdfad6\" data-element_type=\"column\" data-e-type=\"column\">\n\t\t\t<div class=\"elementor-widget-wrap elementor-element-populated\">\n\t\t\t\t\t\t<div class=\"elementor-element elementor-element-ec562ba elementor-widget elementor-widget-text-editor\" data-id=\"ec562ba\" data-element_type=\"widget\" data-e-type=\"widget\" data-widget_type=\"text-editor.default\">\n\t\t\t\t<div class=\"elementor-widget-container\">\n\t\t\t\t\t\t\t\t\t<p>Learning made easy, with fun\u00a0<\/p><p>focus and joy<\/p>\t\t\t\t\t\t\t\t<\/div>\n\t\t\t\t<\/div>\n\t\t\t\t\t<\/div>\n\t\t<\/div>\n\t\t\t\t\t<\/div>\n\t\t<\/section>\n\t\t\t\t<section class=\"elementor-section elementor-top-section elementor-element elementor-element-435e689e elementor-section-boxed elementor-section-height-default elementor-section-height-default\" data-id=\"435e689e\" data-element_type=\"section\" data-e-type=\"section\">\n\t\t\t\t\t\t<div class=\"elementor-container elementor-column-gap-default\">\n\t\t\t\t\t<div class=\"elementor-column elementor-col-100 elementor-top-column elementor-element elementor-element-3262b6ad\" data-id=\"3262b6ad\" data-element_type=\"column\" data-e-type=\"column\">\n\t\t\t<div class=\"elementor-widget-wrap elementor-element-populated\">\n\t\t\t\t\t\t<div class=\"elementor-element elementor-element-210ec564 elementor-widget elementor-widget-text-editor\" data-id=\"210ec564\" data-element_type=\"widget\" data-e-type=\"widget\" data-widget_type=\"text-editor.default\">\n\t\t\t\t<div class=\"elementor-widget-container\">\n\t\t\t\t\t\t\t\t\t<p data-start=\"313\" data-end=\"540\">Sometimes learning can be difficult: words are hard to remember, numbers cause stress, exams cause anxiety. Kinesiological exercises can help restore balance and make learning easier.<\/p><p data-start=\"542\" data-end=\"612\">With playful movements and targeted exercises, we help you<\/p><ul data-start=\"613\" data-end=\"923\"><li data-start=\"613\" data-end=\"658\"><p data-start=\"615\" data-end=\"658\">Lernen macht mehr Spa\u00df und f\u00e4llt leichter;<\/p><\/li><li data-start=\"659\" data-end=\"726\"><p data-start=\"661\" data-end=\"726\">Aufmerksamkeit, Merkf\u00e4higkeit und Konzentration verbessern sich;<\/p><\/li><li data-start=\"727\" data-end=\"775\"><p data-start=\"729\" data-end=\"775\">Lesen, Schreiben und Rechnen werden sicherer;<\/p><\/li><li data-start=\"776\" data-end=\"835\"><p data-start=\"778\" data-end=\"835\">Pr\u00fcfungen und Aufgaben lassen sich entspannter meistern;<\/p><\/li><li data-start=\"836\" data-end=\"923\"><p data-start=\"838\" data-end=\"923\">Kinder, Jugendliche und Erwachsene lernen mit mehr Leichtigkeit und Selbstvertrauen.<\/p><\/li><\/ul><p data-start=\"925\" data-end=\"1061\">This makes learning not only more successful, but also more relaxed, joyful and rewarding \u2013 for children, teenagers and adults alike.<\/p>\t\t\t\t\t\t\t\t<\/div>\n\t\t\t\t<\/div>\n\t\t\t\t<div class=\"elementor-element elementor-element-5053973 elementor-widget elementor-widget-text-editor\" data-id=\"5053973\" data-element_type=\"widget\" data-e-type=\"widget\" data-widget_type=\"text-editor.default\">\n\t\t\t\t<div class=\"elementor-widget-container\">\n\t\t\t\t\t\t\t\t\t<p>Dennison, Paul und Gail: Brain-Gym. Das Handbuch.- Kirchzarten bei Freiburg,<sup>5<\/sup>2019; Diamond, John: Der K\u00f6per l\u00fcgt nicht.- Kirchzarten bei Freiburg, <sup>24<\/sup>2013, S. 72-75.<\/p>\t\t\t\t\t\t\t\t<\/div>\n\t\t\t\t<\/div>\n\t\t\t\t<div class=\"elementor-element elementor-element-12862c6 elementor-widget elementor-widget-spacer\" data-id=\"12862c6\" data-element_type=\"widget\" data-e-type=\"widget\" data-widget_type=\"spacer.default\">\n\t\t\t\t<div class=\"elementor-widget-container\">\n\t\t\t\t\t\t\t<div class=\"elementor-spacer\">\n\t\t\t<div class=\"elementor-spacer-inner\"><\/div>\n\t\t<\/div>\n\t\t\t\t\t\t<\/div>\n\t\t\t\t<\/div>\n\t\t\t\t<div class=\"elementor-element elementor-element-25c27e7 elementor-button-info elementor-widget elementor-widget-button\" data-id=\"25c27e7\" data-element_type=\"widget\" data-e-type=\"widget\" data-widget_type=\"button.default\">\n\t\t\t\t<div class=\"elementor-widget-container\">\n\t\t\t\t\t\t\t\t\t<div class=\"elementor-button-wrapper\">\n\t\t\t\t\t<a class=\"elementor-button elementor-button-link elementor-size-sm\" href=\"https:\/\/balanciert.at\/en\/preise\/\" target=\"_blank\">\n\t\t\t\t\t\t<span class=\"elementor-button-content-wrapper\">\n\t\t\t\t\t\t\t\t\t<span class=\"elementor-button-text\">Prices...<\/span>\n\t\t\t\t\t<\/span>\n\t\t\t\t\t<\/a>\n\t\t\t\t<\/div>\n\t\t\t\t\t\t\t\t<\/div>\n\t\t\t\t<\/div>\n\t\t\t\t<div class=\"elementor-element elementor-element-4e3cad2 elementor-widget elementor-widget-spacer\" data-id=\"4e3cad2\" data-element_type=\"widget\" data-e-type=\"widget\" data-widget_type=\"spacer.default\">\n\t\t\t\t<div class=\"elementor-widget-container\">\n\t\t\t\t\t\t\t<div class=\"elementor-spacer\">\n\t\t\t<div class=\"elementor-spacer-inner\"><\/div>\n\t\t<\/div>\n\t\t\t\t\t\t<\/div>\n\t\t\t\t<\/div>\n\t\t\t\t\t<\/div>\n\t\t<\/div>\n\t\t\t\t\t<\/div>\n\t\t<\/section>\n\t\t\t\t<section class=\"elementor-section elementor-top-section elementor-element elementor-element-226e8dc elementor-section-boxed elementor-section-height-default elementor-section-height-default\" data-id=\"226e8dc\" data-element_type=\"section\" data-e-type=\"section\">\n\t\t\t\t\t\t<div class=\"elementor-container elementor-column-gap-default\">\n\t\t\t\t\t<div class=\"elementor-column elementor-col-100 elementor-top-column elementor-element elementor-element-07da47e\" data-id=\"07da47e\" data-element_type=\"column\" data-e-type=\"column\">\n\t\t\t<div class=\"elementor-widget-wrap elementor-element-populated\">\n\t\t\t\t\t\t<div class=\"elementor-element elementor-element-166cccf elementor-widget elementor-widget-spacer\" data-id=\"166cccf\" data-element_type=\"widget\" data-e-type=\"widget\" data-widget_type=\"spacer.default\">\n\t\t\t\t<div class=\"elementor-widget-container\">\n\t\t\t\t\t\t\t<div class=\"elementor-spacer\">\n\t\t\t<div class=\"elementor-spacer-inner\"><\/div>\n\t\t<\/div>\n\t\t\t\t\t\t<\/div>\n\t\t\t\t<\/div>\n\t\t\t\t<div class=\"elementor-element elementor-element-6112008 elementor-widget elementor-widget-spacer\" data-id=\"6112008\" data-element_type=\"widget\" data-e-type=\"widget\" data-widget_type=\"spacer.default\">\n\t\t\t\t<div class=\"elementor-widget-container\">\n\t\t\t\t\t\t\t<div class=\"elementor-spacer\">\n\t\t\t<div class=\"elementor-spacer-inner\"><\/div>\n\t\t<\/div>\n\t\t\t\t\t\t<\/div>\n\t\t\t\t<\/div>\n\t\t\t\t\t<\/div>\n\t\t<\/div>\n\t\t\t\t\t<\/div>\n\t\t<\/section>\n\t\t\t\t<\/div>","protected":false},"excerpt":{"rendered":"<p>Kinesiologie und Lernen Lernen leicht gemacht \u2013 mit Spa\u00df,\u00a0 Konzentration und Freude Manchmal f\u00e4llt das Lernen schwer: W\u00f6rter wollen sich nicht merken, Zahlen machen Stress, Pr\u00fcfungen l\u00f6sen Unruhe aus. Kinesiologische \u00dcbungen k\u00f6nnen helfen, wieder ins Gleichgewicht zu kommen und das Lernen leichter zu machen. Mit spielerischen Bewegungen und gezielten \u00dcbungen erreichen wir: Lernen macht mehr [&hellip;]<\/p>\n","protected":false},"author":1,"featured_media":0,"parent":0,"menu_order":0,"comment_status":"closed","ping_status":"closed","template":"","meta":{"ocean_post_layout":"full-screen","ocean_both_sidebars_style":"","ocean_both_sidebars_content_width":0,"ocean_both_sidebars_sidebars_width":0,"ocean_sidebar":"0","ocean_second_sidebar":"0","ocean_disable_margins":"enable","ocean_add_body_class":"","ocean_shortcode_before_top_bar":"","ocean_shortcode_after_top_bar":"","ocean_shortcode_before_header":"","ocean_shortcode_after_header":"","ocean_has_shortcode":"","ocean_shortcode_after_title":"","ocean_shortcode_before_footer_widgets":"","ocean_shortcode_after_footer_widgets":"","ocean_shortcode_before_footer_bottom":"","ocean_shortcode_after_footer_bottom":"","ocean_display_top_bar":"off","ocean_display_header":"default","ocean_header_style":"","ocean_center_header_left_menu":"0","ocean_custom_header_template":"0","ocean_custom_logo":0,"ocean_custom_retina_logo":0,"ocean_custom_logo_max_width":0,"ocean_custom_logo_tablet_max_width":0,"ocean_custom_logo_mobile_max_width":0,"ocean_custom_logo_max_height":0,"ocean_custom_logo_tablet_max_height":0,"ocean_custom_logo_mobile_max_height":0,"ocean_header_custom_menu":"0","ocean_menu_typo_font_family":"0","ocean_menu_typo_font_subset":"","ocean_menu_typo_font_size":0,"ocean_menu_typo_font_size_tablet":0,"ocean_menu_typo_font_size_mobile":0,"ocean_menu_typo_font_size_unit":"px","ocean_menu_typo_font_weight":"","ocean_menu_typo_font_weight_tablet":"","ocean_menu_typo_font_weight_mobile":"","ocean_menu_typo_transform":"","ocean_menu_typo_transform_tablet":"","ocean_menu_typo_transform_mobile":"","ocean_menu_typo_line_height":0,"ocean_menu_typo_line_height_tablet":0,"ocean_menu_typo_line_height_mobile":0,"ocean_menu_typo_line_height_unit":"","ocean_menu_typo_spacing":0,"ocean_menu_typo_spacing_tablet":0,"ocean_menu_typo_spacing_mobile":0,"ocean_menu_typo_spacing_unit":"","ocean_menu_link_color":"","ocean_menu_link_color_hover":"","ocean_menu_link_color_active":"","ocean_menu_link_background":"","ocean_menu_link_hover_background":"","ocean_menu_link_active_background":"","ocean_menu_social_links_bg":"","ocean_menu_social_hover_links_bg":"","ocean_menu_social_links_color":"","ocean_menu_social_hover_links_color":"","ocean_disable_title":"on","ocean_disable_heading":"default","ocean_post_title":"","ocean_post_subheading":"","ocean_post_title_style":"","ocean_post_title_background_color":"","ocean_post_title_background":0,"ocean_post_title_bg_image_position":"","ocean_post_title_bg_image_attachment":"","ocean_post_title_bg_image_repeat":"","ocean_post_title_bg_image_size":"","ocean_post_title_height":0,"ocean_post_title_bg_overlay":0.5,"ocean_post_title_bg_overlay_color":"","ocean_disable_breadcrumbs":"default","ocean_breadcrumbs_color":"","ocean_breadcrumbs_separator_color":"","ocean_breadcrumbs_links_color":"","ocean_breadcrumbs_links_hover_color":"","ocean_display_footer_widgets":"default","ocean_display_footer_bottom":"default","ocean_custom_footer_template":"0","footnotes":""},"class_list":["post-140","page","type-page","status-publish","hentry","entry"],"yoast_head":"<!-- This site is optimized with the Yoast SEO plugin v27.3 - https:\/\/yoast.com\/product\/yoast-seo-wordpress\/ -->\n<title>Lernf\u00f6rderung - Kinesiologie in 1180<\/title>\n<meta name=\"description\" content=\"Mein Angebot zur L\u00f6sung von Lernblockaden, Haltungsproblemen und anderen stressbedingten Symptomen - Lerncoaching und effiziente Nachhilfe in Sprachen.\" \/>\n<meta name=\"robots\" content=\"index, follow, max-snippet:-1, max-image-preview:large, max-video-preview:-1\" \/>\n<link rel=\"canonical\" href=\"https:\/\/balanciert.at\/en\/lernen\/\" \/>\n<meta property=\"og:locale\" content=\"en_GB\" \/>\n<meta property=\"og:type\" content=\"article\" \/>\n<meta property=\"og:title\" content=\"Lernf\u00f6rderung - Kinesiologie in 1180\" \/>\n<meta property=\"og:description\" content=\"Mein Angebot zur L\u00f6sung von Lernblockaden, Haltungsproblemen und anderen stressbedingten Symptomen - Lerncoaching und effiziente Nachhilfe in Sprachen.\" \/>\n<meta property=\"og:url\" content=\"https:\/\/balanciert.at\/en\/lernen\/\" \/>\n<meta property=\"og:site_name\" content=\"Kinesiologie in 1180\" \/>\n<meta property=\"article:modified_time\" content=\"2026-01-29T17:28:17+00:00\" \/>\n<meta name=\"twitter:card\" content=\"summary_large_image\" \/>\n<meta name=\"twitter:label1\" content=\"Estimated reading time\" \/>\n\t<meta name=\"twitter:data1\" content=\"1 minute\" \/>\n<script type=\"application\/ld+json\" class=\"yoast-schema-graph\">{\"@context\":\"https:\\\/\\\/schema.org\",\"@graph\":[{\"@type\":\"WebPage\",\"@id\":\"https:\\\/\\\/balanciert.at\\\/lernen\\\/\",\"url\":\"https:\\\/\\\/balanciert.at\\\/lernen\\\/\",\"name\":\"Lernf\u00f6rderung - Kinesiologie in 1180\",\"isPartOf\":{\"@id\":\"https:\\\/\\\/balanciert.at\\\/#website\"},\"datePublished\":\"2020-10-07T09:06:58+00:00\",\"dateModified\":\"2026-01-29T17:28:17+00:00\",\"description\":\"Mein Angebot zur L\u00f6sung von Lernblockaden, Haltungsproblemen und anderen stressbedingten Symptomen - Lerncoaching und effiziente Nachhilfe in Sprachen.\",\"breadcrumb\":{\"@id\":\"https:\\\/\\\/balanciert.at\\\/lernen\\\/#breadcrumb\"},\"inLanguage\":\"en-GB\",\"potentialAction\":[{\"@type\":\"ReadAction\",\"target\":[\"https:\\\/\\\/balanciert.at\\\/lernen\\\/\"]}]},{\"@type\":\"BreadcrumbList\",\"@id\":\"https:\\\/\\\/balanciert.at\\\/lernen\\\/#breadcrumb\",\"itemListElement\":[{\"@type\":\"ListItem\",\"position\":1,\"name\":\"Startseite\",\"item\":\"https:\\\/\\\/balanciert.at\\\/\"},{\"@type\":\"ListItem\",\"position\":2,\"name\":\"Lernf\u00f6rderung\"}]},{\"@type\":\"WebSite\",\"@id\":\"https:\\\/\\\/balanciert.at\\\/#website\",\"url\":\"https:\\\/\\\/balanciert.at\\\/\",\"name\":\"Kinesiologie in 1180\",\"description\":\"\",\"publisher\":{\"@id\":\"https:\\\/\\\/balanciert.at\\\/#organization\"},\"potentialAction\":[{\"@type\":\"SearchAction\",\"target\":{\"@type\":\"EntryPoint\",\"urlTemplate\":\"https:\\\/\\\/balanciert.at\\\/?s={search_term_string}\"},\"query-input\":{\"@type\":\"PropertyValueSpecification\",\"valueRequired\":true,\"valueName\":\"search_term_string\"}}],\"inLanguage\":\"en-GB\"},{\"@type\":\"Organization\",\"@id\":\"https:\\\/\\\/balanciert.at\\\/#organization\",\"name\":\"Mag. Andrea Schwarz\",\"url\":\"https:\\\/\\\/balanciert.at\\\/\",\"logo\":{\"@type\":\"ImageObject\",\"inLanguage\":\"en-GB\",\"@id\":\"https:\\\/\\\/balanciert.at\\\/#\\\/schema\\\/logo\\\/image\\\/\",\"url\":\"https:\\\/\\\/balanciert.at\\\/wp-content\\\/uploads\\\/2020\\\/12\\\/cropped-V_K0280-REV3-01.png\",\"contentUrl\":\"https:\\\/\\\/balanciert.at\\\/wp-content\\\/uploads\\\/2020\\\/12\\\/cropped-V_K0280-REV3-01.png\",\"width\":10417,\"height\":2850,\"caption\":\"Mag. Andrea Schwarz\"},\"image\":{\"@id\":\"https:\\\/\\\/balanciert.at\\\/#\\\/schema\\\/logo\\\/image\\\/\"}}]}<\/script>\n<!-- \/ Yoast SEO plugin. -->","yoast_head_json":{"title":"Lernf\u00f6rderung - Kinesiologie in 1180","description":"Mein Angebot zur L\u00f6sung von Lernblockaden, Haltungsproblemen und anderen stressbedingten Symptomen - Lerncoaching und effiziente Nachhilfe in Sprachen.","robots":{"index":"index","follow":"follow","max-snippet":"max-snippet:-1","max-image-preview":"max-image-preview:large","max-video-preview":"max-video-preview:-1"},"canonical":"https:\/\/balanciert.at\/en\/lernen\/","og_locale":"en_GB","og_type":"article","og_title":"Lernf\u00f6rderung - Kinesiologie in 1180","og_description":"Mein Angebot zur L\u00f6sung von Lernblockaden, Haltungsproblemen und anderen stressbedingten Symptomen - Lerncoaching und effiziente Nachhilfe in Sprachen.","og_url":"https:\/\/balanciert.at\/en\/lernen\/","og_site_name":"Kinesiologie in 1180","article_modified_time":"2026-01-29T17:28:17+00:00","twitter_card":"summary_large_image","twitter_misc":{"Estimated reading time":"1 minute"},"schema":{"@context":"https:\/\/schema.org","@graph":[{"@type":"WebPage","@id":"https:\/\/balanciert.at\/lernen\/","url":"https:\/\/balanciert.at\/lernen\/","name":"Lernf\u00f6rderung - Kinesiologie in 1180","isPartOf":{"@id":"https:\/\/balanciert.at\/#website"},"datePublished":"2020-10-07T09:06:58+00:00","dateModified":"2026-01-29T17:28:17+00:00","description":"Mein Angebot zur L\u00f6sung von Lernblockaden, Haltungsproblemen und anderen stressbedingten Symptomen - Lerncoaching und effiziente Nachhilfe in Sprachen.","breadcrumb":{"@id":"https:\/\/balanciert.at\/lernen\/#breadcrumb"},"inLanguage":"en-GB","potentialAction":[{"@type":"ReadAction","target":["https:\/\/balanciert.at\/lernen\/"]}]},{"@type":"BreadcrumbList","@id":"https:\/\/balanciert.at\/lernen\/#breadcrumb","itemListElement":[{"@type":"ListItem","position":1,"name":"Startseite","item":"https:\/\/balanciert.at\/"},{"@type":"ListItem","position":2,"name":"Lernf\u00f6rderung"}]},{"@type":"WebSite","@id":"https:\/\/balanciert.at\/#website","url":"https:\/\/balanciert.at\/","name":"Kinesiologie in 1180","description":"","publisher":{"@id":"https:\/\/balanciert.at\/#organization"},"potentialAction":[{"@type":"SearchAction","target":{"@type":"EntryPoint","urlTemplate":"https:\/\/balanciert.at\/?s={search_term_string}"},"query-input":{"@type":"PropertyValueSpecification","valueRequired":true,"valueName":"search_term_string"}}],"inLanguage":"en-GB"},{"@type":"Organization","@id":"https:\/\/balanciert.at\/#organization","name":"Mag. Andrea Schwarz","url":"https:\/\/balanciert.at\/","logo":{"@type":"ImageObject","inLanguage":"en-GB","@id":"https:\/\/balanciert.at\/#\/schema\/logo\/image\/","url":"https:\/\/balanciert.at\/wp-content\/uploads\/2020\/12\/cropped-V_K0280-REV3-01.png","contentUrl":"https:\/\/balanciert.at\/wp-content\/uploads\/2020\/12\/cropped-V_K0280-REV3-01.png","width":10417,"height":2850,"caption":"Mag. Andrea Schwarz"},"image":{"@id":"https:\/\/balanciert.at\/#\/schema\/logo\/image\/"}}]}},"_links":{"self":[{"href":"https:\/\/balanciert.at\/en\/wp-json\/wp\/v2\/pages\/140","targetHints":{"allow":["GET"]}}],"collection":[{"href":"https:\/\/balanciert.at\/en\/wp-json\/wp\/v2\/pages"}],"about":[{"href":"https:\/\/balanciert.at\/en\/wp-json\/wp\/v2\/types\/page"}],"author":[{"embeddable":true,"href":"https:\/\/balanciert.at\/en\/wp-json\/wp\/v2\/users\/1"}],"replies":[{"embeddable":true,"href":"https:\/\/balanciert.at\/en\/wp-json\/wp\/v2\/comments?post=140"}],"version-history":[{"count":148,"href":"https:\/\/balanciert.at\/en\/wp-json\/wp\/v2\/pages\/140\/revisions"}],"predecessor-version":[{"id":4259,"href":"https:\/\/balanciert.at\/en\/wp-json\/wp\/v2\/pages\/140\/revisions\/4259"}],"wp:attachment":[{"href":"https:\/\/balanciert.at\/en\/wp-json\/wp\/v2\/media?parent=140"}],"curies":[{"name":"wp","href":"https:\/\/api.w.org\/{rel}","templated":true}]}}